{"id":2463,"date":"2014-09-14T09:19:10","date_gmt":"2014-09-14T09:19:10","guid":{"rendered":"https:\/\/www.agriturismosangallo.com\/en\/cookie-policy\/"},"modified":"2014-09-14T09:19:10","modified_gmt":"2014-09-14T09:19:10","slug":"cookie-policy","status":"publish","type":"page","link":"https:\/\/www.agriturismosangallo.com\/en\/cookie-policy\/","title":{"rendered":"Cookie Policy"},"content":{"rendered":"<p><strong>Privacy e Cookie Policy <\/strong><\/p>\n<p>La residenza d&#8217;epoca Il borgo del vento si impegna a proteggere e rispettare la vostra privacy.<\/p>\n<p>Questa pagina web vi informa sulla protezione dei dati e le procedure di privacy per ilborgodelvento.it, in particolare:<\/p>\n<ul>\n<li>Quali dati personali vengono raccolti<\/li>\n<li>Quale organizzazione sta raccogliendo queste informazioni<\/li>\n<li>Come si utilizza questa informazione<\/li>\n<li>La nostra politica sulla condivisione di queste informazioni<\/li>\n<li>Come tuteliamo le informazioni<\/li>\n<li>Come si pu\u00f2 correggere eventuali inesattezze nelle informazioni<\/li>\n<\/ul>\n<p><strong>Riassunto<\/strong><\/p>\n<p>Prendiamo molto sul serio la vostra privacy.<\/p>\n<p>I bambini (sotto i 18 anni) non sono autorizzati a usare i nostri servizi e non devono fornire informazioni personali a ilborgodelvento.it.<\/p>\n<p>ilborgodelvento.it non ti traccia attivamente come individuo.<\/p>\n<p>In caso di inviarci una e-mail tramite il modulo di contatto, il vostro nome, indirizzo email e messaggio saranno inviati via email a noi (come ci si aspetterebbe). Questa informazione \u00e8 privata. Noi memorizziamo queste informazioni all&#8217;interno del nostro sistema di posta elettronica in modo che siamo in grado di rispondervi.<\/p>\n<p>In caso di commentare un post o una pagina web su questo sito, allora il vostro nome, indirizzo email, indirizzo IP e il messaggio verranno memorizzati nel nostro database del sito (come ci si aspetterebbe). Questo rende il vostro nome, indirizzo del sito web e commento (ma non il tuo indirizzo e-mail), visibile da parte del pubblico sul sito web.<\/p>\n<p>Il sito web fa uso di alcuni cookie durante la navigazione di questo sito web. Questi sono utilizzati per assicurare il corretto funzionamento di questo sito web, e anche per aiutare a migliorare la vostra esperienza durante la navigazione.<\/p>\n<p>Non usiamo i cookie terze parti \/ tracciamento \/ Pubblicit\u00e0.<\/p>\n<p>Nessuna delle informazioni che raccogliamo tramite i cookie IDENTIFICA voi come un individuo &#8211; \u00e8 tutto completamente anonimo.<\/p>\n<p>I cookie che utilizziamo sono di seguito dettagliati:<\/p>\n<table class=\"cookielawinfo-winter\">\n<thead>\n<tr>\n<th class=\"cookielawinfo-column-1\">Cookie<\/th>\n<th class=\"cookielawinfo-column-2\">Tipo<\/th>\n<th class=\"cookielawinfo-column-3\">Durata<\/th>\n<th class=\"cookielawinfo-column-4\">Descrizione<\/th>\n<\/tr>\n<\/thead>\n<tbody>\n<tr class=\"cookielawinfo-row\">\n<td class=\"cookielawinfo-column-1\">Blog \/ Post<\/td>\n<td class=\"cookielawinfo-column-2\">persistente<\/td>\n<td class=\"cookielawinfo-column-3\">1 anno<\/td>\n<td class=\"cookielawinfo-column-4\">se si lascia un commento sul sito per esempio su una pagina, articolo o blog, poi un cookie pu\u00f2 essere conservato a &#8216;ricordare&#8217; il tuo indirizzo email per la prossima volta che pubblichi (se si sceglie l&#8217;opzione &#8220;ricordati di me&#8221;)<\/td>\n<\/tr>\n<tr class=\"cookielawinfo-row\">\n<td class=\"cookielawinfo-column-1\">Cookie Header<\/td>\n<td class=\"cookielawinfo-column-2\">persistente<\/td>\n<td class=\"cookielawinfo-column-3\">1 anno<\/td>\n<td class=\"cookielawinfo-column-4\">nell&#8217;intestazione di ogni pagina web su questo sito verr\u00e0 visualizzato un messaggio di avviso della nostra privacy e Cookie. Se hai visto il messaggio una volta, probabilmente non lo vorrai vedere di nuovo. Usiamo un cookie per ricordare questa impostazione. Dati utente \u00e8 tutto anonimo.<\/td>\n<\/tr>\n<tr class=\"cookielawinfo-row\">\n<td class=\"cookielawinfo-column-1\">Google Analytics<\/td>\n<td class=\"cookielawinfo-column-2\"><\/td>\n<td class=\"cookielawinfo-column-3\"><\/td>\n<td class=\"cookielawinfo-column-4\">per capire come le persone utilizzano il nostro sito, e per scoprire le zone sul nostro sito con problemi, usiamo Google Analytics. La maggior parte dei siti web utilizzano una sorta di programma di analisi come questo. I dati raccolti ci aiutano a vedere le cose come quante persone visitano il nostro sito, il paese in cui sono, quante pagine hanno visitato, quanto velocemente il nostro sito \u00e8 caricato, e cos\u00ec via. Tutti i dati raccolti sono completamente anonimi e non vi identificano come un individuo in qualsiasi modo.<\/td>\n<\/tr>\n<tr class=\"cookielawinfo-row\">\n<td class=\"cookielawinfo-column-1\">Social media cookie<\/td>\n<td class=\"cookielawinfo-column-2\"><\/td>\n<td class=\"cookielawinfo-column-3\"><\/td>\n<td class=\"cookielawinfo-column-4\">Alcune pagine sul nostro sito web vi permettono di condividere i nostri contenuti su social media network come Facebook. Google Plus e Twitter. A volte potremmo inserire video da siti come Youtube. Questi siti generano i loro cookie, che non controlliamo. Per saperne di pi\u00f9 sulla loro politica di gestione dei cookie visitate i rispettivi siti.<\/td>\n<\/tr>\n<tr class=\"cookielawinfo-row\">\n<td class=\"cookielawinfo-column-1\">Funzionali<\/td>\n<td class=\"cookielawinfo-column-2\">persistente<\/td>\n<td class=\"cookielawinfo-column-3\">1 anno<\/td>\n<td class=\"cookielawinfo-column-4\">il Content Management System (CMS) che gestisce questo sito utilizza un cookie al momento della registrazione e in uscita ed \u00e8 essenziale per il corretto funzionamento del sito web. Si trova solo se sei un utente registrato, quindi per la maggior parte delle persone non \u00e8 impostato. Dati utente \u00e8 tutto anonimo.<\/td>\n<\/tr>\n<\/tbody>\n<\/table>\n<p><strong>Come gestire i cookie sul tuo PC<\/strong><\/p>\n<p>Ogni browser consente di personalizzare il modo in cui i cookie devono essere trattati. Per ulteriori informazioni consultare la documentazione del browser utilizzato.<\/p>\n<p>Alcuni browser consentono la \u201cnavigazione anonima\u201d sui siti web, accettando i cookie per poi cancellarli automaticamente al termine della sessione di navigazione. Per ulteriori informazioni riguardo la \u201cnavigazione anonima\u201d consultare la documentazione del browser utilizzato.<\/p>\n<p><strong>Quale organizzazione sta raccogliendo queste informazioni<\/strong><\/p>\n<p>www.agriturismosangallo.com \u00e8 un sito web di propriet\u00e0 di Agriturismo San Gallo, Via delle Colombelle 7 \u2022 Montepulciano ( Siena ) \u2022 Italy \u2022 P.iva: 06996321003<\/p>\n<p><strong>Come si utilizza questa informazione<\/strong><\/p>\n<p>Se hai scelto di condividere con noi, usiamo il tuo indirizzo email per contattare l&#8217;utente in risposta al tuo messaggio, o per inviare la nostra newsletter. Aver inserito il tuo indirizzo email per lasciare un commento sul blog, che viene utilizzato per identificare il tuo commento, ma non viene visualizzato sul sito web o condivisi con terze parti.<\/p>\n<p>Possiamo anche utilizzare la tua email per risolvere questioni o controversie, ad esempio, se ci dite che non si pu\u00f2 vedere uno dei tuoi post sul sito, ci sarebbe probabilmente da cercare nel nostro database il tuo indirizzo e-mail per aiutare a diagnosticare il problema.<\/p>\n<p><strong>La nostra divulgazione di queste informazioni<\/strong><\/p>\n<p>Non condividiamo le vostre informazioni personali o l&#8217;indirizzo email con terze parti.<\/p>\n<p><strong>Protezione delle informazioni<\/strong><\/p>\n<p>ilborgodelvento.it utilizza ogni sforzo per salvaguardare la riservatezza delle informazioni personali, ma noi non utilizziamo la crittografia (ad esempio SSL) o firewall per proteggere ulteriormente le informazioni che viaggia su Internet. Noi non crediamo che i dati personali che raccogliamo garantiscano questo livello di sicurezza. E &#8216;importante essere consapevoli che non esiste una cosa come la &#8220;sicurezza perfetta in internet&#8221;.<\/p>\n<p><strong>Come correggere le informazioni imprecise<\/strong><\/p>\n<p>Una volta pubblicato, non \u00e8 possibile modificare o rimuovere eventuali commenti che avete presentato sulle nostre pagine web e \/ o post. Tuttavia, se si desidera avere queste informazioni rimosse non esitate a contattarci e noi faremo questo per voi.<\/p>\n<p>Si deve sapere che, a causa di vincoli tecnici, tutte le informazioni non sono mai completamente rimosse dai nostri database. Pertanto, non si deve aspettare che tutte le vostre informazioni personali saranno completamente rimosse dai nostri database in risposta alle vostre richieste. Cercheremo di rimuovere tutte le informazioni pubbliche.<\/p>\n<p><strong>Come contattarci<\/strong><\/p>\n<p>Si prega di utilizzare il modulo di contatto su questo sito.<\/p>\n<p><strong>Modifiche alla Privacy Policy<\/strong><\/p>\n<p>Di tanto in tanto potremmo aggiornare questa Privacy Policy in linea con i cambiamenti del sito web che possono influenzare le informazioni personali che raccogliamo su di te. Si presume che si accettano tali modifiche, se si continua a utilizzare il sito ed i servizi. Se non si accettano tali modifiche allora si dovrebbe smettere di usare il sito ei servizi di ilborgodelvento.it, e contattarci (dettagli sopra) se volete rimuovere delle vostre informazioni.<\/p>\n<p>INFORMATIVA SUL TRATTAMENTO DEI DATI PERSONALI AI SENSI DEL D. LGS. 196\/2003<\/p>\n<p>La informiamo, ai sensi dell&#8217;art. 13 del D. Lgs. 30 giugno 2003, n. 196 (Codice in materia di protezione dei dati personali), che La residenza d&#8217;epoca Il borgo del vento proceder\u00e0 al trattamento dei dati personali da Lei forniti nel rispetto dei diritti, delle libert\u00e0 fondamentali e della dignit\u00e0 delle persone, con particolare riferimento alla riservatezza e all&#8217;identit\u00e0 personale nonch\u00e9, comunque, nel rispetto della normativa in materia di tutela del trattamento dei dati personali.<br \/>\nIl conferimento dei dati \u00e8 facoltativo, ma un eventuale rifiuto di fornire quelli contraddistinti da un asterisco determina l&#8217;impossibilit\u00e0 di accedere ai servizi da noi offerti.<br \/>\nI dati personali da Lei forniti sono raccolti e gestiti con modalit\u00e0 telematiche e trattati, anche con l&#8217;ausilio di mezzi elettronici, o comunque automatizzati, direttamente e\/o tramite terzi delegati (societ\u00e0 di comprovata seriet\u00e0, specializzate nella consegna a domicilio, nella postalizzazione e nel data entry) per le seguenti finalit\u00e0:<br \/>\n1.finalit\u00e0 connesse all&#8217;esecuzione, gestione e pagamento dell&#8217;ordine d&#8217;acquisto;<br \/>\n2.iniziative promozionali ed invio di materiale informativo pubblicitario, anche mediante l&#8217;utilizzo della posta elettronica solo se il cliente ha espresso il proprio consenso sbarrando, in fase di registrazione, la relativa casella &#8220;Newsletter&#8221; ;<br \/>\n3.adempimento di obblighi previsti da leggi, regolamenti e normativa comunitaria.<\/p>\n<p>In ogni caso i suoi dati non verranno comunicati (se non a societ\u00e0 per la consegna a domicilio, per la postalizzazione e per il data entry), diffusi o venduti a terzi. I dati potranno essere conosciuti in qualit\u00e0 di responsabili o incaricati solo da soggetti specificatamente designati, operanti presso gli Uffici di La residenza d&#8217;epoca Il borgo del vento.<\/p>\n<p>Ai sensi dell&#8217;art. 7 del D. Lgs. 30 giugno 2003, n. 196, Lei ha diritto di ottenere la conferma dell&#8217;esistenza o meno di dati personali che la riguardano, anche se non ancora registrati, e la loro comunicazione in forma intelligibile nonch\u00e9 l&#8217;indicazione:<\/p>\n<p>&#8211; dell&#8217;origine dei dati personali;<br \/>\n&#8211; delle finalit\u00e0 e modalit\u00e0 del trattamento;<br \/>\n&#8211; della logica applicata in caso di trattamento effettuato con l&#8217;ausilio di strumenti elettronici;<br \/>\n&#8211; degli estremi identificativi del titolare e dei responsabili;<br \/>\n&#8211; dei soggetti o delle categorie di soggetti ai quali i dati possono essere comunicati o che possono venirne a conoscenza in qualit\u00e0 di responsabili o incaricati.<\/p>\n<p>Lei ha altres\u00ec il diritto di ottenere:<\/p>\n<p>1. l&#8217;aggiornamento, la rettificazione ovvero, quando vi ha interesse, l&#8217;integrazione dei dati;<br \/>\n2. la cancellazione, la trasformazione in forma anonima, il blocco dei dati trattati in violazione di legge, compresi quelli di cui non \u00e8 necessaria la conservazione in relazione agli scopi per i quali i dati sono stati raccolti o successivamente trattati;<br \/>\n3. l&#8217;attestazione che le operazioni di cui ai punti 1. e 2. sono state portate a conoscenza, anche per quanto riguarda il loro contenuto, di coloro ai quali i dati sono stati comunicati e diffusi, eccettuato il caso in cui tale adempimento si rivela impossibile o comporta un impiego di mezzi manifestamente sproporzionato rispetto al diritto tutelato.<\/p>\n<p>Lei ha infine il diritto di opporsi, in tutto o in parte:<\/p>\n<p>1. per motivi legittimi al trattamento dei dati personali che la riguardano, ancorch\u00e9 pertinenti allo scopo della raccolta;<br \/>\n2. al trattamento di dati che la riguardano a fini di invio di materiale pubblicitario o di vendita diretta o per il compimento di ricerche di mercato o di comunicazione commerciale.<\/p>\n<p>Ai sensi e per gli effetti degli articoli 13 e 23 del D. Lgs. 196\/2003, Le chiediamo cortesemente di barrare la casella accetto di seguito riportata, per presa visione dell&#8217;informativa relativa al trattamento dei suoi dati e per consenso al trattamento degli stessi da parte di La residenza d&#8217;epoca Il borgo del vento o di terzi delegati (societ\u00e0 per la consegna a domicilio, per la postalizzazione e per il data entry) per tutte le finalit\u00e0 ivi elencate. Qualora non intenda consentire il trattamento dei suoi dati ovvero per finalit\u00e0 statistiche, ricerche di mercato, iniziative promozionali ed invio di materiale informativo pubblicitario, anche mediante l&#8217;utilizzo della posta elettronica, barri la casella non accetto di seguito riportata.<\/p>\n","protected":false},"excerpt":{"rendered":"<p>Privacy e Cookie Policy La residenza d&#8217;epoca Il borgo del vento si impegna a proteggere e rispettare la vostra privacy. [&hellip;]<\/p>\n","protected":false},"author":1,"featured_media":0,"parent":0,"menu_order":0,"comment_status":"open","ping_status":"open","template":"page-templates\/page-fullwidth.php","meta":{"footnotes":""},"class_list":["post-2463","page","type-page","status-publish","hentry"],"yoast_head":"<!-- This site is optimized with the Yoast SEO plugin v27.4 - https:\/\/yoast.com\/product\/yoast-seo-wordpress\/ -->\n<title>Cookie Policy - Agriturismo San Gallo - Montepulciano Toscana ITALIA<\/title>\n<meta name=\"robots\" content=\"index, follow, max-snippet:-1, max-image-preview:large, max-video-preview:-1\" \/>\n<link rel=\"canonical\" href=\"https:\/\/www.agriturismosangallo.com\/en\/cookie-policy\/\" \/>\n<meta property=\"og:locale\" content=\"en_US\" \/>\n<meta property=\"og:type\" content=\"article\" \/>\n<meta property=\"og:title\" content=\"Cookie Policy - Agriturismo San Gallo - Montepulciano Toscana ITALIA\" \/>\n<meta property=\"og:description\" content=\"Privacy e Cookie Policy La residenza d&#8217;epoca Il borgo del vento si impegna a proteggere e rispettare la vostra privacy. [&hellip;]\" \/>\n<meta property=\"og:url\" content=\"https:\/\/www.agriturismosangallo.com\/en\/cookie-policy\/\" \/>\n<meta property=\"og:site_name\" content=\"Agriturismo San Gallo - Montepulciano Toscana ITALIA\" \/>\n<meta property=\"article:publisher\" content=\"https:\/\/www.facebook.com\/lebertille\/\" \/>\n<meta name=\"twitter:card\" content=\"summary_large_image\" \/>\n<script type=\"application\/ld+json\" class=\"yoast-schema-graph\">{\"@context\":\"https:\\\/\\\/schema.org\",\"@graph\":[{\"@type\":\"WebPage\",\"@id\":\"https:\\\/\\\/www.agriturismosangallo.com\\\/en\\\/cookie-policy\\\/\",\"url\":\"https:\\\/\\\/www.agriturismosangallo.com\\\/en\\\/cookie-policy\\\/\",\"name\":\"Cookie Policy - Agriturismo San Gallo - Montepulciano Toscana ITALIA\",\"isPartOf\":{\"@id\":\"https:\\\/\\\/www.agriturismosangallo.com\\\/en\\\/#website\"},\"datePublished\":\"2014-09-14T09:19:10+00:00\",\"breadcrumb\":{\"@id\":\"https:\\\/\\\/www.agriturismosangallo.com\\\/en\\\/cookie-policy\\\/#breadcrumb\"},\"inLanguage\":\"en-US\",\"potentialAction\":[{\"@type\":\"ReadAction\",\"target\":[\"https:\\\/\\\/www.agriturismosangallo.com\\\/en\\\/cookie-policy\\\/\"]}]},{\"@type\":\"BreadcrumbList\",\"@id\":\"https:\\\/\\\/www.agriturismosangallo.com\\\/en\\\/cookie-policy\\\/#breadcrumb\",\"itemListElement\":[{\"@type\":\"ListItem\",\"position\":1,\"name\":\"Home\",\"item\":\"https:\\\/\\\/www.agriturismosangallo.com\\\/en\\\/\"},{\"@type\":\"ListItem\",\"position\":2,\"name\":\"Cookie Policy\"}]},{\"@type\":\"WebSite\",\"@id\":\"https:\\\/\\\/www.agriturismosangallo.com\\\/en\\\/#website\",\"url\":\"https:\\\/\\\/www.agriturismosangallo.com\\\/en\\\/\",\"name\":\"Agriturismo San Gallo - Montepulciano Toscana ITALIA\",\"description\":\"Agriturismo San Gallo antico casale immerso nel verde di olivi e vigneti\",\"publisher\":{\"@id\":\"https:\\\/\\\/www.agriturismosangallo.com\\\/en\\\/#organization\"},\"potentialAction\":[{\"@type\":\"SearchAction\",\"target\":{\"@type\":\"EntryPoint\",\"urlTemplate\":\"https:\\\/\\\/www.agriturismosangallo.com\\\/en\\\/?s={search_term_string}\"},\"query-input\":{\"@type\":\"PropertyValueSpecification\",\"valueRequired\":true,\"valueName\":\"search_term_string\"}}],\"inLanguage\":\"en-US\"},{\"@type\":\"Organization\",\"@id\":\"https:\\\/\\\/www.agriturismosangallo.com\\\/en\\\/#organization\",\"name\":\"Agriturismo San Gallo\",\"url\":\"https:\\\/\\\/www.agriturismosangallo.com\\\/en\\\/\",\"logo\":{\"@type\":\"ImageObject\",\"inLanguage\":\"en-US\",\"@id\":\"https:\\\/\\\/www.agriturismosangallo.com\\\/en\\\/#\\\/schema\\\/logo\\\/image\\\/\",\"url\":\"https:\\\/\\\/www.agriturismosangallo.com\\\/wp-content\\\/uploads\\\/2016\\\/06\\\/logo_agriturismo-web-2.png\",\"contentUrl\":\"https:\\\/\\\/www.agriturismosangallo.com\\\/wp-content\\\/uploads\\\/2016\\\/06\\\/logo_agriturismo-web-2.png\",\"width\":422,\"height\":50,\"caption\":\"Agriturismo San Gallo\"},\"image\":{\"@id\":\"https:\\\/\\\/www.agriturismosangallo.com\\\/en\\\/#\\\/schema\\\/logo\\\/image\\\/\"},\"sameAs\":[\"https:\\\/\\\/www.facebook.com\\\/lebertille\\\/\",\"https:\\\/\\\/www.instagram.com\\\/lebertille\\\/\"]}]}<\/script>\n<!-- \/ Yoast SEO plugin. -->","yoast_head_json":{"title":"Cookie Policy - Agriturismo San Gallo - Montepulciano Toscana ITALIA","robots":{"index":"index","follow":"follow","max-snippet":"max-snippet:-1","max-image-preview":"max-image-preview:large","max-video-preview":"max-video-preview:-1"},"canonical":"https:\/\/www.agriturismosangallo.com\/en\/cookie-policy\/","og_locale":"en_US","og_type":"article","og_title":"Cookie Policy - Agriturismo San Gallo - Montepulciano Toscana ITALIA","og_description":"Privacy e Cookie Policy La residenza d&#8217;epoca Il borgo del vento si impegna a proteggere e rispettare la vostra privacy. [&hellip;]","og_url":"https:\/\/www.agriturismosangallo.com\/en\/cookie-policy\/","og_site_name":"Agriturismo San Gallo - Montepulciano Toscana ITALIA","article_publisher":"https:\/\/www.facebook.com\/lebertille\/","twitter_card":"summary_large_image","schema":{"@context":"https:\/\/schema.org","@graph":[{"@type":"WebPage","@id":"https:\/\/www.agriturismosangallo.com\/en\/cookie-policy\/","url":"https:\/\/www.agriturismosangallo.com\/en\/cookie-policy\/","name":"Cookie Policy - Agriturismo San Gallo - Montepulciano Toscana ITALIA","isPartOf":{"@id":"https:\/\/www.agriturismosangallo.com\/en\/#website"},"datePublished":"2014-09-14T09:19:10+00:00","breadcrumb":{"@id":"https:\/\/www.agriturismosangallo.com\/en\/cookie-policy\/#breadcrumb"},"inLanguage":"en-US","potentialAction":[{"@type":"ReadAction","target":["https:\/\/www.agriturismosangallo.com\/en\/cookie-policy\/"]}]},{"@type":"BreadcrumbList","@id":"https:\/\/www.agriturismosangallo.com\/en\/cookie-policy\/#breadcrumb","itemListElement":[{"@type":"ListItem","position":1,"name":"Home","item":"https:\/\/www.agriturismosangallo.com\/en\/"},{"@type":"ListItem","position":2,"name":"Cookie Policy"}]},{"@type":"WebSite","@id":"https:\/\/www.agriturismosangallo.com\/en\/#website","url":"https:\/\/www.agriturismosangallo.com\/en\/","name":"Agriturismo San Gallo - Montepulciano Toscana ITALIA","description":"Agriturismo San Gallo antico casale immerso nel verde di olivi e vigneti","publisher":{"@id":"https:\/\/www.agriturismosangallo.com\/en\/#organization"},"potentialAction":[{"@type":"SearchAction","target":{"@type":"EntryPoint","urlTemplate":"https:\/\/www.agriturismosangallo.com\/en\/?s={search_term_string}"},"query-input":{"@type":"PropertyValueSpecification","valueRequired":true,"valueName":"search_term_string"}}],"inLanguage":"en-US"},{"@type":"Organization","@id":"https:\/\/www.agriturismosangallo.com\/en\/#organization","name":"Agriturismo San Gallo","url":"https:\/\/www.agriturismosangallo.com\/en\/","logo":{"@type":"ImageObject","inLanguage":"en-US","@id":"https:\/\/www.agriturismosangallo.com\/en\/#\/schema\/logo\/image\/","url":"https:\/\/www.agriturismosangallo.com\/wp-content\/uploads\/2016\/06\/logo_agriturismo-web-2.png","contentUrl":"https:\/\/www.agriturismosangallo.com\/wp-content\/uploads\/2016\/06\/logo_agriturismo-web-2.png","width":422,"height":50,"caption":"Agriturismo San Gallo"},"image":{"@id":"https:\/\/www.agriturismosangallo.com\/en\/#\/schema\/logo\/image\/"},"sameAs":["https:\/\/www.facebook.com\/lebertille\/","https:\/\/www.instagram.com\/lebertille\/"]}]}},"_links":{"self":[{"href":"https:\/\/www.agriturismosangallo.com\/en\/wp-json\/wp\/v2\/pages\/2463","targetHints":{"allow":["GET"]}}],"collection":[{"href":"https:\/\/www.agriturismosangallo.com\/en\/wp-json\/wp\/v2\/pages"}],"about":[{"href":"https:\/\/www.agriturismosangallo.com\/en\/wp-json\/wp\/v2\/types\/page"}],"author":[{"embeddable":true,"href":"https:\/\/www.agriturismosangallo.com\/en\/wp-json\/wp\/v2\/users\/1"}],"replies":[{"embeddable":true,"href":"https:\/\/www.agriturismosangallo.com\/en\/wp-json\/wp\/v2\/comments?post=2463"}],"version-history":[{"count":0,"href":"https:\/\/www.agriturismosangallo.com\/en\/wp-json\/wp\/v2\/pages\/2463\/revisions"}],"wp:attachment":[{"href":"https:\/\/www.agriturismosangallo.com\/en\/wp-json\/wp\/v2\/media?parent=2463"}],"curies":[{"name":"wp","href":"https:\/\/api.w.org\/{rel}","templated":true}]}}